{"id":4479,"date":"2025-07-18T07:01:57","date_gmt":"2025-07-18T07:01:57","guid":{"rendered":"https:\/\/mobiliertudora.ro\/shop\/?post_type=product&#038;p=4479"},"modified":"2025-12-20T15:19:08","modified_gmt":"2025-12-20T15:19:08","slug":"balama-blum-clip-top-aplicata-cu-arc-170-grade","status":"publish","type":"product","link":"https:\/\/mobiliertudora.ro\/shop\/produs\/balama-blum-clip-top-aplicata-cu-arc-170-grade\/","title":{"rendered":"Balama BLUM CLIP top aplicata 170 grade cu arc"},"content":{"rendered":"<h3 data-start=\"674\" data-end=\"785\">\ud83d\udd27 <strong data-start=\"681\" data-end=\"785\">Balama BLUM CLIP top aplicat\u0103 170\u00b0 \u2013 Solu\u021bia ideal\u0103 pentru mobilier la comand\u0103 durabil \u0219i func\u021bional<\/strong><\/h3>\n<p data-start=\"787\" data-end=\"1096\">Cau\u021bi o balama premium care s\u0103 ofere deschidere complet\u0103 \u0219i fiabilitate pe termen lung? <strong data-start=\"875\" data-end=\"920\">Balama BLUM CLIP top aplicat\u0103 cu arc 170\u00b0<\/strong> este alegerea perfect\u0103 pentru <strong data-start=\"951\" data-end=\"974\">mobilier la comand\u0103<\/strong>, fiind ideal\u0103 pentru u\u0219i de dulap cu deschidere larg\u0103, utilizate frecvent \u00een buc\u0103t\u0103rii, dressinguri sau mobilier de baie.<\/p>\n<p data-start=\"1098\" data-end=\"1292\">La <strong data-start=\"1101\" data-end=\"1120\">Mobilier Tudora<\/strong>, folosim doar accesorii de top, iar aceast\u0103 balama de la <strong data-start=\"1178\" data-end=\"1186\">BLUM<\/strong> \u00eendepline\u0219te toate standardele de <strong data-start=\"1221\" data-end=\"1265\">calitate, fiabilitate \u0219i func\u021bionalitate<\/strong> cerute de clien\u021bii no\u0219tri.<\/p>\n<hr data-start=\"1294\" data-end=\"1297\" \/>\n<h3 data-start=\"1299\" data-end=\"1368\">\ud83d\udd0d <strong data-start=\"1306\" data-end=\"1368\">Caracteristici principale ale balamalei BLUM CLIP top 170\u00b0<\/strong><\/h3>\n<ul>\n<li data-start=\"1372\" data-end=\"1454\"><strong data-start=\"1372\" data-end=\"1403\">Unghi de deschidere de 170\u00b0<\/strong> \u2013 ideal pentru u\u0219i mari sau cu deschidere total\u0103<\/li>\n<li data-start=\"1457\" data-end=\"1527\"><strong data-start=\"1457\" data-end=\"1493\">Sistem de prindere BLUM CLIP top<\/strong> \u2013 montare rapid\u0103 \u0219i f\u0103r\u0103 unelte<\/li>\n<li data-start=\"1530\" data-end=\"1591\"><strong data-start=\"1530\" data-end=\"1558\">Mecanism cu arc integrat<\/strong> \u2013 \u00eenchidere lin\u0103 \u0219i controlat\u0103<\/li>\n<li data-start=\"1594\" data-end=\"1654\"><strong data-start=\"1594\" data-end=\"1617\">Construc\u021bie robust\u0103<\/strong> \u2013 o\u021bel nichelat rezistent la uzur\u0103<\/li>\n<li data-start=\"1657\" data-end=\"1761\"><strong data-start=\"1657\" data-end=\"1687\">Compatibilitate universal\u0103<\/strong> \u2013 potrivit\u0103 pentru u\u0219i aplicate pe mobilier din PAL, MDF sau lemn masiv<\/li>\n<li data-start=\"1764\" data-end=\"1836\"><strong data-start=\"1764\" data-end=\"1782\">Design compact<\/strong> \u2013 ofer\u0103 estetic\u0103 \u0219i func\u021bionalitate \u00een acela\u0219i timp<\/li>\n<\/ul>\n<hr data-start=\"1838\" data-end=\"1841\" \/>\n<h3 data-start=\"1843\" data-end=\"1904\">\ud83c\udfe0 <strong data-start=\"1850\" data-end=\"1904\">Perfect\u0103 pentru orice tip de mobilier personalizat<\/strong><\/h3>\n<p data-start=\"1906\" data-end=\"1974\">Aceast\u0103 <strong data-start=\"1914\" data-end=\"1951\">balama BLUM cu deschidere de 170\u00b0<\/strong> este potrivit\u0103 pentru:<\/p>\n<ul>\n<li data-start=\"1978\" data-end=\"2057\"><strong data-start=\"1978\" data-end=\"2011\">Mobilier buc\u0103t\u0103rie la comand\u0103<\/strong> \u2013 accesezi tot spa\u021biul din dulap f\u0103r\u0103 efort<\/li>\n<li data-start=\"2060\" data-end=\"2129\"><strong data-start=\"2060\" data-end=\"2077\">Mobilier baie<\/strong> \u2013 deschidere u\u0219oar\u0103, chiar \u0219i \u00een spa\u021bii restr\u00e2nse<\/li>\n<li data-start=\"2132\" data-end=\"2216\"><strong data-start=\"2132\" data-end=\"2164\">Dressinguri \u0219i dulapuri mari<\/strong> \u2013 manevrabilitate maxim\u0103 \u0219i \u00eenchidere silen\u021bioas\u0103<\/li>\n<li data-start=\"2219\" data-end=\"2288\"><strong data-start=\"2219\" data-end=\"2253\">Corpuri suspendate sau col\u021bare<\/strong> \u2013 func\u021bionalitate f\u0103r\u0103 compromis<\/li>\n<\/ul>\n<hr data-start=\"2290\" data-end=\"2293\" \/>\n<h3 data-start=\"2295\" data-end=\"2367\">\u2b50 <strong data-start=\"2301\" data-end=\"2367\">De ce s\u0103 alegi Mobilier Tudora pentru accesoriile de mobilier?<\/strong><\/h3>\n<ul>\n<li data-start=\"2371\" data-end=\"2406\">Livrare rapid\u0103 oriunde \u00een Rom\u00e2nia<\/li>\n<li data-start=\"2409\" data-end=\"2456\">Asisten\u021b\u0103 tehnic\u0103 \u0219i recomand\u0103ri profesionale<\/li>\n<li data-start=\"2459\" data-end=\"2529\">Garan\u021bia calit\u0103\u021bii \u2013 lucr\u0103m doar cu branduri premium precum <strong data-start=\"2519\" data-end=\"2527\">BLUM<\/strong><\/li>\n<li data-start=\"2532\" data-end=\"2601\">Produse compatibile 100% cu mobilierul personalizat realizat de noi<\/li>\n<\/ul>\n","protected":false},"excerpt":{"rendered":"<p>Balama BLUM CLIP top cu arc 170\u00b0 este ideal\u0103 pentru u\u0219i de mobilier care necesit\u0103 deschidere complet\u0103. Potrivit\u0103 pentru dulapuri de buc\u0103t\u0103rie, dressinguri sau mobilier personalizat, asigur\u0103 func\u021bionare silen\u021bioas\u0103 \u0219i durabilitate \u00een timp.<\/p>\n","protected":false},"featured_media":4480,"comment_status":"open","ping_status":"closed","template":"","meta":[],"product_brand":[1296],"product_cat":[199],"product_tag":[599,503,1144,521,1081,1146,525,676,677,1145],"class_list":{"0":"post-4479","1":"product","2":"type-product","3":"status-publish","4":"has-post-thumbnail","6":"product_brand-blum","7":"product_cat-balamale-balamale","8":"product_tag-accesorii-mobilier-la-comanda","9":"product_tag-balama-blum","10":"product_tag-balama-blum-170-grade","11":"product_tag-balama-blum-clip-top","12":"product_tag-balama-cu-arc","13":"product_tag-balama-deschidere-mare","14":"product_tag-balama-mobilier-bucatarie","15":"product_tag-balama-pentru-mobilier","16":"product_tag-balama-usi-dulap","17":"product_tag-balamale-dressing","19":"first","20":"instock","21":"shipping-taxable","22":"purchasable","23":"product-type-simple"},"yoast_head":"<!-- This site is optimized with the Yoast SEO Premium plugin v26.3 (Yoast SEO v27.4) - https:\/\/yoast.com\/product\/yoast-seo-premium-wordpress\/ -->\n<title>Balama BLUM CLIP top aplicata 170 grade cu arc - Mobilier Tudora<\/title>\n<meta name=\"description\" content=\"Balama BLUM CLIP top aplicata 170 grade cu arc design modern, materiale durabile, compatibil perfect cu produsele Mobilier Tudora\" \/>\n<meta name=\"robots\" content=\"index, follow, max-snippet:-1, max-image-preview:large, max-video-preview:-1\" \/>\n<link rel=\"canonical\" href=\"https:\/\/mobiliertudora.ro\/shop\/produs\/balama-blum-clip-top-aplicata-cu-arc-170-grade\/\" \/>\n<meta property=\"og:locale\" content=\"ro_RO\" \/>\n<meta property=\"og:type\" content=\"article\" \/>\n<meta property=\"og:title\" content=\"Balama BLUM CLIP top aplicata 170 grade cu arc\" \/>\n<meta property=\"og:description\" content=\"Balama BLUM CLIP top aplicata 170 grade cu arc design modern, materiale durabile, compatibil perfect cu produsele Mobilier Tudora\" \/>\n<meta property=\"og:url\" content=\"https:\/\/mobiliertudora.ro\/shop\/produs\/balama-blum-clip-top-aplicata-cu-arc-170-grade\/\" \/>\n<meta property=\"og:site_name\" content=\"Mobilier Tudora\" \/>\n<meta property=\"article:modified_time\" content=\"2025-12-20T15:19:08+00:00\" \/>\n<meta property=\"og:image\" content=\"https:\/\/mobiliertudora.ro\/shop\/wp-content\/uploads\/2025\/07\/Balama-BLUM-CLIP-top-aplicata-cu-arc-170-grade.jpg\" \/>\n\t<meta property=\"og:image:width\" content=\"414\" \/>\n\t<meta property=\"og:image:height\" content=\"414\" \/>\n\t<meta property=\"og:image:type\" content=\"image\/jpeg\" \/>\n<meta name=\"twitter:card\" content=\"summary_large_image\" \/>\n<meta name=\"twitter:label1\" content=\"Pre\u021b\" \/>\n\t<meta name=\"twitter:data1\" content=\"18,20&nbsp;lei\" \/>\n\t<meta name=\"twitter:label2\" content=\"Disponibilitate\" \/>\n\t<meta name=\"twitter:data2\" content=\"\u00cen stoc\" \/>\n<script type=\"application\/ld+json\" class=\"yoast-schema-graph\">{\"@context\":\"https:\\\/\\\/schema.org\",\"@graph\":[{\"@type\":\"WebPage\",\"@id\":\"https:\\\/\\\/mobiliertudora.ro\\\/shop\\\/produs\\\/balama-blum-clip-top-aplicata-cu-arc-170-grade\\\/\",\"url\":\"https:\\\/\\\/mobiliertudora.ro\\\/shop\\\/produs\\\/balama-blum-clip-top-aplicata-cu-arc-170-grade\\\/\",\"name\":\"Balama BLUM CLIP top aplicata 170 grade cu arc - Mobilier Tudora\",\"isPartOf\":{\"@id\":\"https:\\\/\\\/mobiliertudora.ro\\\/shop\\\/#website\"},\"primaryImageOfPage\":{\"@id\":\"https:\\\/\\\/mobiliertudora.ro\\\/shop\\\/produs\\\/balama-blum-clip-top-aplicata-cu-arc-170-grade\\\/#primaryimage\"},\"image\":{\"@id\":\"https:\\\/\\\/mobiliertudora.ro\\\/shop\\\/produs\\\/balama-blum-clip-top-aplicata-cu-arc-170-grade\\\/#primaryimage\"},\"thumbnailUrl\":\"https:\\\/\\\/mobiliertudora.ro\\\/shop\\\/wp-content\\\/uploads\\\/2025\\\/07\\\/Balama-BLUM-CLIP-top-aplicata-cu-arc-170-grade.jpg\",\"datePublished\":\"2025-07-18T07:01:57+00:00\",\"dateModified\":\"2025-12-20T15:19:08+00:00\",\"description\":\"Balama BLUM CLIP top aplicata 170 grade cu arc design modern, materiale durabile, compatibil perfect cu produsele Mobilier Tudora\",\"breadcrumb\":{\"@id\":\"https:\\\/\\\/mobiliertudora.ro\\\/shop\\\/produs\\\/balama-blum-clip-top-aplicata-cu-arc-170-grade\\\/#breadcrumb\"},\"inLanguage\":\"ro-RO\",\"potentialAction\":[{\"@type\":\"ReadAction\",\"target\":[\"https:\\\/\\\/mobiliertudora.ro\\\/shop\\\/produs\\\/balama-blum-clip-top-aplicata-cu-arc-170-grade\\\/\"]}]},{\"@type\":\"ImageObject\",\"inLanguage\":\"ro-RO\",\"@id\":\"https:\\\/\\\/mobiliertudora.ro\\\/shop\\\/produs\\\/balama-blum-clip-top-aplicata-cu-arc-170-grade\\\/#primaryimage\",\"url\":\"https:\\\/\\\/mobiliertudora.ro\\\/shop\\\/wp-content\\\/uploads\\\/2025\\\/07\\\/Balama-BLUM-CLIP-top-aplicata-cu-arc-170-grade.jpg\",\"contentUrl\":\"https:\\\/\\\/mobiliertudora.ro\\\/shop\\\/wp-content\\\/uploads\\\/2025\\\/07\\\/Balama-BLUM-CLIP-top-aplicata-cu-arc-170-grade.jpg\",\"width\":414,\"height\":414,\"caption\":\"Balama BLUM CLIP top aplicata cu arc 170 grade\"},{\"@type\":\"BreadcrumbList\",\"@id\":\"https:\\\/\\\/mobiliertudora.ro\\\/shop\\\/produs\\\/balama-blum-clip-top-aplicata-cu-arc-170-grade\\\/#breadcrumb\",\"itemListElement\":[{\"@type\":\"ListItem\",\"position\":1,\"name\":\"Prima pagin\u0103\",\"item\":\"https:\\\/\\\/mobiliertudora.ro\\\/shop\\\/\"},{\"@type\":\"ListItem\",\"position\":2,\"name\":\"Shop\",\"item\":\"https:\\\/\\\/mobiliertudora.ro\\\/shop\\\/shop\\\/\"},{\"@type\":\"ListItem\",\"position\":3,\"name\":\"Balama BLUM CLIP top aplicata 170 grade cu arc\"}]},{\"@type\":\"WebSite\",\"@id\":\"https:\\\/\\\/mobiliertudora.ro\\\/shop\\\/#website\",\"url\":\"https:\\\/\\\/mobiliertudora.ro\\\/shop\\\/\",\"name\":\"Mobilier Tudora\",\"description\":\"Mobila online | Accesorii mobila | Feronerie mobila\",\"potentialAction\":[{\"@type\":\"SearchAction\",\"target\":{\"@type\":\"EntryPoint\",\"urlTemplate\":\"https:\\\/\\\/mobiliertudora.ro\\\/shop\\\/?s={search_term_string}\"},\"query-input\":{\"@type\":\"PropertyValueSpecification\",\"valueRequired\":true,\"valueName\":\"search_term_string\"}}],\"inLanguage\":\"ro-RO\"}]}<\/script>\n<meta property=\"product:price:amount\" content=\"18.20\" \/>\n<meta property=\"product:price:currency\" content=\"RON\" \/>\n<meta property=\"og:availability\" content=\"instock\" \/>\n<meta property=\"product:availability\" content=\"instock\" \/>\n<meta property=\"product:retailer_item_id\" content=\"71T6550(R)\" \/>\n<meta property=\"product:condition\" content=\"new\" \/>\n<!-- \/ Yoast SEO Premium plugin. -->","yoast_head_json":{"title":"Balama BLUM CLIP top aplicata 170 grade cu arc - Mobilier Tudora","description":"Balama BLUM CLIP top aplicata 170 grade cu arc design modern, materiale durabile, compatibil perfect cu produsele Mobilier Tudora","robots":{"index":"index","follow":"follow","max-snippet":"max-snippet:-1","max-image-preview":"max-image-preview:large","max-video-preview":"max-video-preview:-1"},"canonical":"https:\/\/mobiliertudora.ro\/shop\/produs\/balama-blum-clip-top-aplicata-cu-arc-170-grade\/","og_locale":"ro_RO","og_type":"article","og_title":"Balama BLUM CLIP top aplicata 170 grade cu arc","og_description":"Balama BLUM CLIP top aplicata 170 grade cu arc design modern, materiale durabile, compatibil perfect cu produsele Mobilier Tudora","og_url":"https:\/\/mobiliertudora.ro\/shop\/produs\/balama-blum-clip-top-aplicata-cu-arc-170-grade\/","og_site_name":"Mobilier Tudora","article_modified_time":"2025-12-20T15:19:08+00:00","og_image":[{"width":414,"height":414,"url":"https:\/\/mobiliertudora.ro\/shop\/wp-content\/uploads\/2025\/07\/Balama-BLUM-CLIP-top-aplicata-cu-arc-170-grade.jpg","type":"image\/jpeg"}],"twitter_card":"summary_large_image","twitter_misc":{"Pre\u021b":"18,20&nbsp;lei","Disponibilitate":"\u00cen stoc"},"schema":{"@context":"https:\/\/schema.org","@graph":[{"@type":"WebPage","@id":"https:\/\/mobiliertudora.ro\/shop\/produs\/balama-blum-clip-top-aplicata-cu-arc-170-grade\/","url":"https:\/\/mobiliertudora.ro\/shop\/produs\/balama-blum-clip-top-aplicata-cu-arc-170-grade\/","name":"Balama BLUM CLIP top aplicata 170 grade cu arc - Mobilier Tudora","isPartOf":{"@id":"https:\/\/mobiliertudora.ro\/shop\/#website"},"primaryImageOfPage":{"@id":"https:\/\/mobiliertudora.ro\/shop\/produs\/balama-blum-clip-top-aplicata-cu-arc-170-grade\/#primaryimage"},"image":{"@id":"https:\/\/mobiliertudora.ro\/shop\/produs\/balama-blum-clip-top-aplicata-cu-arc-170-grade\/#primaryimage"},"thumbnailUrl":"https:\/\/mobiliertudora.ro\/shop\/wp-content\/uploads\/2025\/07\/Balama-BLUM-CLIP-top-aplicata-cu-arc-170-grade.jpg","datePublished":"2025-07-18T07:01:57+00:00","dateModified":"2025-12-20T15:19:08+00:00","description":"Balama BLUM CLIP top aplicata 170 grade cu arc design modern, materiale durabile, compatibil perfect cu produsele Mobilier Tudora","breadcrumb":{"@id":"https:\/\/mobiliertudora.ro\/shop\/produs\/balama-blum-clip-top-aplicata-cu-arc-170-grade\/#breadcrumb"},"inLanguage":"ro-RO","potentialAction":[{"@type":"ReadAction","target":["https:\/\/mobiliertudora.ro\/shop\/produs\/balama-blum-clip-top-aplicata-cu-arc-170-grade\/"]}]},{"@type":"ImageObject","inLanguage":"ro-RO","@id":"https:\/\/mobiliertudora.ro\/shop\/produs\/balama-blum-clip-top-aplicata-cu-arc-170-grade\/#primaryimage","url":"https:\/\/mobiliertudora.ro\/shop\/wp-content\/uploads\/2025\/07\/Balama-BLUM-CLIP-top-aplicata-cu-arc-170-grade.jpg","contentUrl":"https:\/\/mobiliertudora.ro\/shop\/wp-content\/uploads\/2025\/07\/Balama-BLUM-CLIP-top-aplicata-cu-arc-170-grade.jpg","width":414,"height":414,"caption":"Balama BLUM CLIP top aplicata cu arc 170 grade"},{"@type":"BreadcrumbList","@id":"https:\/\/mobiliertudora.ro\/shop\/produs\/balama-blum-clip-top-aplicata-cu-arc-170-grade\/#breadcrumb","itemListElement":[{"@type":"ListItem","position":1,"name":"Prima pagin\u0103","item":"https:\/\/mobiliertudora.ro\/shop\/"},{"@type":"ListItem","position":2,"name":"Shop","item":"https:\/\/mobiliertudora.ro\/shop\/shop\/"},{"@type":"ListItem","position":3,"name":"Balama BLUM CLIP top aplicata 170 grade cu arc"}]},{"@type":"WebSite","@id":"https:\/\/mobiliertudora.ro\/shop\/#website","url":"https:\/\/mobiliertudora.ro\/shop\/","name":"Mobilier Tudora","description":"Mobila online | Accesorii mobila | Feronerie mobila","potentialAction":[{"@type":"SearchAction","target":{"@type":"EntryPoint","urlTemplate":"https:\/\/mobiliertudora.ro\/shop\/?s={search_term_string}"},"query-input":{"@type":"PropertyValueSpecification","valueRequired":true,"valueName":"search_term_string"}}],"inLanguage":"ro-RO"}]},"product_price_amount":"18.20","product_price_currency":"RON","og_availability":"instock","product_availability":"instock","product_retailer_item_id":"71T6550(R)","product_condition":"new"},"_links":{"self":[{"href":"https:\/\/mobiliertudora.ro\/shop\/wp-json\/wp\/v2\/product\/4479","targetHints":{"allow":["GET"]}}],"collection":[{"href":"https:\/\/mobiliertudora.ro\/shop\/wp-json\/wp\/v2\/product"}],"about":[{"href":"https:\/\/mobiliertudora.ro\/shop\/wp-json\/wp\/v2\/types\/product"}],"replies":[{"embeddable":true,"href":"https:\/\/mobiliertudora.ro\/shop\/wp-json\/wp\/v2\/comments?post=4479"}],"wp:featuredmedia":[{"embeddable":true,"href":"https:\/\/mobiliertudora.ro\/shop\/wp-json\/wp\/v2\/media\/4480"}],"wp:attachment":[{"href":"https:\/\/mobiliertudora.ro\/shop\/wp-json\/wp\/v2\/media?parent=4479"}],"wp:term":[{"taxonomy":"product_brand","embeddable":true,"href":"https:\/\/mobiliertudora.ro\/shop\/wp-json\/wp\/v2\/product_brand?post=4479"},{"taxonomy":"product_cat","embeddable":true,"href":"https:\/\/mobiliertudora.ro\/shop\/wp-json\/wp\/v2\/product_cat?post=4479"},{"taxonomy":"product_tag","embeddable":true,"href":"https:\/\/mobiliertudora.ro\/shop\/wp-json\/wp\/v2\/product_tag?post=4479"}],"curies":[{"name":"wp","href":"https:\/\/api.w.org\/{rel}","templated":true}]}}