{"id":4702,"date":"2025-07-19T09:22:03","date_gmt":"2025-07-19T09:22:03","guid":{"rendered":"https:\/\/mobiliertudora.ro\/shop\/?post_type=product&#038;p=4702"},"modified":"2025-12-20T15:19:05","modified_gmt":"2025-12-20T15:19:05","slug":"pastila-amortizoare-economica","status":"publish","type":"product","link":"https:\/\/mobiliertudora.ro\/shop\/produs\/pastila-amortizoare-economica\/","title":{"rendered":"Pastila Blum amortizoare economica"},"content":{"rendered":"<p data-start=\"42\" data-end=\"539\">Pastila amortizoare economic\u0103 pentru mobilier este solu\u021bia ideal\u0103 pentru protejarea eficient\u0103 a u\u0219ilor \u0219i sertarelor de mobilier \u00eempotriva \u00eenchiderii bru\u0219te \u0219i a \u0219ocurilor mecanice. Conceput\u0103 special pentru Mobilier Tudora, aceast\u0103 pastil\u0103 amortizoare este fabricat\u0103 dintr-un material rezistent, durabil \u0219i flexibil, asigur\u00e2nd o amortizare excelent\u0103 la fiecare \u00eenchidere. Datorit\u0103 designului s\u0103u discret \u0219i dimensiunii compacte, se integreaz\u0103 u\u0219or \u00een orice tip de mobilier, f\u0103r\u0103 a afecta estetica.<\/p>\n<p data-start=\"541\" data-end=\"969\">Pastila amortizoare economic\u0103 reduce semnificativ zgomotul produs de \u00eenchiderea sertarelor sau u\u0219ilor, protejeaz\u0103 mobilierul \u00eempotriva uzurii premature \u0219i contribuie la men\u021binerea unui mediu lini\u0219tit \u0219i confortabil \u00een locuin\u021b\u0103. Este foarte u\u0219or de montat, nefiind necesare unelte speciale, \u0219i se lipe\u0219te ferm pe orice suprafa\u021b\u0103 plan\u0103 datorit\u0103 adezivului puternic. Ideal\u0103 pentru mobilier de buc\u0103t\u0103rie, dormitor, living sau birou.<\/p>\n","protected":false},"excerpt":{"rendered":"<div class=\"mx-[var(--mini-thread-content-inset)]\">\n<div class=\"flex min-h-[46px] justify-start\">\n<div class=\"touch:-me-2 touch:-ms-3.5 -ms-2.5 -me-1 flex flex-wrap items-center gap-y-4 p-1 select-none touch:w-[calc(100%+--spacing(3.5))] -mt-1 w-[calc(100%+--spacing(2.5))] duration-[1.5s] focus-within:transition-none hover:transition-none pointer-events-none [mask-image:linear-gradient(to_right,black_33%,transparent_66%)] [mask-size:300%_100%] [mask-position:100%_0%] motion-safe:transition-[mask-position] group-hover\/turn-messages:pointer-events-auto group-hover\/turn-messages:[mask-position:0_0] group-focus-within\/turn-messages:pointer-events-auto group-focus-within\/turn-messages:[mask-position:0_0] has-data-[state=open]:pointer-events-auto has-data-[state=open]:[mask-position:0_0]\">\n<div class=\"flex max-w-full flex-col grow\">\n<div class=\"min-h-8 text-message relative flex w-full flex-col items-end gap-2 text-start break-words whitespace-normal [.text-message+&amp;]:mt-5\" dir=\"auto\" data-message-author-role=\"assistant\" data-message-id=\"e2e609c5-fd30-42fd-a200-fabe5c7a8092\" data-message-model-slug=\"gpt-4o\">\n<div class=\"flex w-full flex-col gap-1 empty:hidden first:pt-[3px]\">\n<div class=\"markdown prose dark:prose-invert w-full break-words light\">\n<p data-start=\"1623\" data-end=\"1821\" data-is-last-node=\"\" data-is-only-node=\"\">Pastil\u0103 amortizoare economic\u0103, ideal\u0103 pentru mobilierul Tudora \u2013 reduce zgomotul, protejeaz\u0103 \u00eempotriva \u0219ocurilor \u0219i \u00eenchiderilor bru\u0219te, u\u0219or de montat, compatibil\u0103 cu orice tip de dulap sau sertar.<\/p>\n<\/div>\n<\/div>\n<\/div>\n<\/div>\n<div class=\"mx-[var(--mini-thread-content-inset)]\">\n<div class=\"flex min-h-[46px] justify-start\">\n<div class=\"touch:-me-2 touch:-ms-3.5 -ms-2.5 -me-1 flex flex-wrap items-center gap-y-4 p-1 select-none touch:w-[calc(100%+--spacing(3.5))] -mt-1 w-[calc(100%+--spacing(2.5))] duration-[1.5s] focus-within:transition-none hover:transition-none pointer-events-none [mask-image:linear-gradient(to_right,black_33%,transparent_66%)] [mask-size:300%_100%] [mask-position:100%_0%] motion-safe:transition-[mask-position] group-hover\/turn-messages:pointer-events-auto group-hover\/turn-messages:[mask-position:0_0] group-focus-within\/turn-messages:pointer-events-auto group-focus-within\/turn-messages:[mask-position:0_0] has-data-[state=open]:pointer-events-auto has-data-[state=open]:[mask-position:0_0]\"><\/div>\n<\/div>\n<\/div>\n<div class=\"mt-3 w-full empty:hidden\">\n<div class=\"text-center\">\n<div>\n<div class=\"inline-flex border border-gray-100 dark:border-gray-700 rounded-xl\">\n<div class=\"text-token-text-secondary flex items-center justify-center gap-4 px-4 py-2.5 text-sm whitespace-nowrap\"><\/div>\n<\/div>\n<\/div>\n<\/div>\n<\/div>\n<\/div>\n<\/div>\n<\/div>\n","protected":false},"featured_media":4703,"comment_status":"open","ping_status":"closed","template":"","meta":[],"product_brand":[1296],"product_cat":[198],"product_tag":[246,1269,1265,1267,1271,954,1270,1264,1266,1268],"class_list":{"0":"post-4702","1":"product","2":"type-product","3":"status-publish","4":"has-post-thumbnail","6":"product_brand-blum","7":"product_cat-amortizoare-usi-mobilier","8":"product_tag-accesorii-mobilier-tudora","9":"product_tag-amortizor-cu-adeziv","10":"product_tag-amortizor-economic-mobilier","11":"product_tag-amortizor-sertare-mobila","12":"product_tag-anti-soc-mobilier","13":"product_tag-opritor-dulap","14":"product_tag-pastila-amortizanta","15":"product_tag-pastila-amortizoare","16":"product_tag-pastile-silicon-usi","17":"product_tag-protectie-inchidere-mobilier","19":"first","20":"instock","21":"shipping-taxable","22":"purchasable","23":"product-type-simple"},"yoast_head":"<!-- This site is optimized with the Yoast SEO Premium plugin v26.3 (Yoast SEO v27.4) - https:\/\/yoast.com\/product\/yoast-seo-premium-wordpress\/ -->\n<title>Pastila Blum amortizoare economica - Mobilier Tudora<\/title>\n<meta name=\"description\" content=\"Pastila Blum amortizoare economica design modern, materiale durabile, compatibil perfect cu produsele Mobilier Tudora\" \/>\n<meta name=\"robots\" content=\"index, follow, max-snippet:-1, max-image-preview:large, max-video-preview:-1\" \/>\n<link rel=\"canonical\" href=\"https:\/\/mobiliertudora.ro\/shop\/produs\/pastila-amortizoare-economica\/\" \/>\n<meta property=\"og:locale\" content=\"ro_RO\" \/>\n<meta property=\"og:type\" content=\"article\" \/>\n<meta property=\"og:title\" content=\"Pastila Blum amortizoare economica\" \/>\n<meta property=\"og:description\" content=\"Pastila Blum amortizoare economica design modern, materiale durabile, compatibil perfect cu produsele Mobilier Tudora\" \/>\n<meta property=\"og:url\" content=\"https:\/\/mobiliertudora.ro\/shop\/produs\/pastila-amortizoare-economica\/\" \/>\n<meta property=\"og:site_name\" content=\"Mobilier Tudora\" \/>\n<meta property=\"article:modified_time\" content=\"2025-12-20T15:19:05+00:00\" \/>\n<meta property=\"og:image\" content=\"https:\/\/mobiliertudora.ro\/shop\/wp-content\/uploads\/2025\/07\/Pastila-amortizoare-economica.png\" \/>\n\t<meta property=\"og:image:width\" content=\"414\" \/>\n\t<meta property=\"og:image:height\" content=\"414\" \/>\n\t<meta property=\"og:image:type\" content=\"image\/png\" \/>\n<meta name=\"twitter:card\" content=\"summary_large_image\" \/>\n<meta name=\"twitter:label1\" content=\"Pre\u021b\" \/>\n\t<meta name=\"twitter:data1\" content=\"5,00&nbsp;lei\" \/>\n\t<meta name=\"twitter:label2\" content=\"Disponibilitate\" \/>\n\t<meta name=\"twitter:data2\" content=\"\u00cen stoc\" \/>\n<script type=\"application\/ld+json\" class=\"yoast-schema-graph\">{\"@context\":\"https:\\\/\\\/schema.org\",\"@graph\":[{\"@type\":\"WebPage\",\"@id\":\"https:\\\/\\\/mobiliertudora.ro\\\/shop\\\/produs\\\/pastila-amortizoare-economica\\\/\",\"url\":\"https:\\\/\\\/mobiliertudora.ro\\\/shop\\\/produs\\\/pastila-amortizoare-economica\\\/\",\"name\":\"Pastila Blum amortizoare economica - Mobilier Tudora\",\"isPartOf\":{\"@id\":\"https:\\\/\\\/mobiliertudora.ro\\\/shop\\\/#website\"},\"primaryImageOfPage\":{\"@id\":\"https:\\\/\\\/mobiliertudora.ro\\\/shop\\\/produs\\\/pastila-amortizoare-economica\\\/#primaryimage\"},\"image\":{\"@id\":\"https:\\\/\\\/mobiliertudora.ro\\\/shop\\\/produs\\\/pastila-amortizoare-economica\\\/#primaryimage\"},\"thumbnailUrl\":\"https:\\\/\\\/mobiliertudora.ro\\\/shop\\\/wp-content\\\/uploads\\\/2025\\\/07\\\/Pastila-amortizoare-economica.png\",\"datePublished\":\"2025-07-19T09:22:03+00:00\",\"dateModified\":\"2025-12-20T15:19:05+00:00\",\"description\":\"Pastila Blum amortizoare economica design modern, materiale durabile, compatibil perfect cu produsele Mobilier Tudora\",\"breadcrumb\":{\"@id\":\"https:\\\/\\\/mobiliertudora.ro\\\/shop\\\/produs\\\/pastila-amortizoare-economica\\\/#breadcrumb\"},\"inLanguage\":\"ro-RO\",\"potentialAction\":[{\"@type\":\"ReadAction\",\"target\":[\"https:\\\/\\\/mobiliertudora.ro\\\/shop\\\/produs\\\/pastila-amortizoare-economica\\\/\"]}]},{\"@type\":\"ImageObject\",\"inLanguage\":\"ro-RO\",\"@id\":\"https:\\\/\\\/mobiliertudora.ro\\\/shop\\\/produs\\\/pastila-amortizoare-economica\\\/#primaryimage\",\"url\":\"https:\\\/\\\/mobiliertudora.ro\\\/shop\\\/wp-content\\\/uploads\\\/2025\\\/07\\\/Pastila-amortizoare-economica.png\",\"contentUrl\":\"https:\\\/\\\/mobiliertudora.ro\\\/shop\\\/wp-content\\\/uploads\\\/2025\\\/07\\\/Pastila-amortizoare-economica.png\",\"width\":414,\"height\":414,\"caption\":\"Pastila amortizoare economica\"},{\"@type\":\"BreadcrumbList\",\"@id\":\"https:\\\/\\\/mobiliertudora.ro\\\/shop\\\/produs\\\/pastila-amortizoare-economica\\\/#breadcrumb\",\"itemListElement\":[{\"@type\":\"ListItem\",\"position\":1,\"name\":\"Prima pagin\u0103\",\"item\":\"https:\\\/\\\/mobiliertudora.ro\\\/shop\\\/\"},{\"@type\":\"ListItem\",\"position\":2,\"name\":\"Shop\",\"item\":\"https:\\\/\\\/mobiliertudora.ro\\\/shop\\\/shop\\\/\"},{\"@type\":\"ListItem\",\"position\":3,\"name\":\"Pastila Blum amortizoare economica\"}]},{\"@type\":\"WebSite\",\"@id\":\"https:\\\/\\\/mobiliertudora.ro\\\/shop\\\/#website\",\"url\":\"https:\\\/\\\/mobiliertudora.ro\\\/shop\\\/\",\"name\":\"Mobilier Tudora\",\"description\":\"Mobila online | Accesorii mobila | Feronerie mobila\",\"potentialAction\":[{\"@type\":\"SearchAction\",\"target\":{\"@type\":\"EntryPoint\",\"urlTemplate\":\"https:\\\/\\\/mobiliertudora.ro\\\/shop\\\/?s={search_term_string}\"},\"query-input\":{\"@type\":\"PropertyValueSpecification\",\"valueRequired\":true,\"valueName\":\"search_term_string\"}}],\"inLanguage\":\"ro-RO\"}]}<\/script>\n<meta property=\"product:price:amount\" content=\"5.00\" \/>\n<meta property=\"product:price:currency\" content=\"RON\" \/>\n<meta property=\"og:availability\" content=\"instock\" \/>\n<meta property=\"product:availability\" content=\"instock\" \/>\n<meta property=\"product:retailer_item_id\" content=\"46235.38.002(R)\" \/>\n<meta property=\"product:condition\" content=\"new\" \/>\n<!-- \/ Yoast SEO Premium plugin. -->","yoast_head_json":{"title":"Pastila Blum amortizoare economica - Mobilier Tudora","description":"Pastila Blum amortizoare economica design modern, materiale durabile, compatibil perfect cu produsele Mobilier Tudora","robots":{"index":"index","follow":"follow","max-snippet":"max-snippet:-1","max-image-preview":"max-image-preview:large","max-video-preview":"max-video-preview:-1"},"canonical":"https:\/\/mobiliertudora.ro\/shop\/produs\/pastila-amortizoare-economica\/","og_locale":"ro_RO","og_type":"article","og_title":"Pastila Blum amortizoare economica","og_description":"Pastila Blum amortizoare economica design modern, materiale durabile, compatibil perfect cu produsele Mobilier Tudora","og_url":"https:\/\/mobiliertudora.ro\/shop\/produs\/pastila-amortizoare-economica\/","og_site_name":"Mobilier Tudora","article_modified_time":"2025-12-20T15:19:05+00:00","og_image":[{"width":414,"height":414,"url":"https:\/\/mobiliertudora.ro\/shop\/wp-content\/uploads\/2025\/07\/Pastila-amortizoare-economica.png","type":"image\/png"}],"twitter_card":"summary_large_image","twitter_misc":{"Pre\u021b":"5,00&nbsp;lei","Disponibilitate":"\u00cen stoc"},"schema":{"@context":"https:\/\/schema.org","@graph":[{"@type":"WebPage","@id":"https:\/\/mobiliertudora.ro\/shop\/produs\/pastila-amortizoare-economica\/","url":"https:\/\/mobiliertudora.ro\/shop\/produs\/pastila-amortizoare-economica\/","name":"Pastila Blum amortizoare economica - Mobilier Tudora","isPartOf":{"@id":"https:\/\/mobiliertudora.ro\/shop\/#website"},"primaryImageOfPage":{"@id":"https:\/\/mobiliertudora.ro\/shop\/produs\/pastila-amortizoare-economica\/#primaryimage"},"image":{"@id":"https:\/\/mobiliertudora.ro\/shop\/produs\/pastila-amortizoare-economica\/#primaryimage"},"thumbnailUrl":"https:\/\/mobiliertudora.ro\/shop\/wp-content\/uploads\/2025\/07\/Pastila-amortizoare-economica.png","datePublished":"2025-07-19T09:22:03+00:00","dateModified":"2025-12-20T15:19:05+00:00","description":"Pastila Blum amortizoare economica design modern, materiale durabile, compatibil perfect cu produsele Mobilier Tudora","breadcrumb":{"@id":"https:\/\/mobiliertudora.ro\/shop\/produs\/pastila-amortizoare-economica\/#breadcrumb"},"inLanguage":"ro-RO","potentialAction":[{"@type":"ReadAction","target":["https:\/\/mobiliertudora.ro\/shop\/produs\/pastila-amortizoare-economica\/"]}]},{"@type":"ImageObject","inLanguage":"ro-RO","@id":"https:\/\/mobiliertudora.ro\/shop\/produs\/pastila-amortizoare-economica\/#primaryimage","url":"https:\/\/mobiliertudora.ro\/shop\/wp-content\/uploads\/2025\/07\/Pastila-amortizoare-economica.png","contentUrl":"https:\/\/mobiliertudora.ro\/shop\/wp-content\/uploads\/2025\/07\/Pastila-amortizoare-economica.png","width":414,"height":414,"caption":"Pastila amortizoare economica"},{"@type":"BreadcrumbList","@id":"https:\/\/mobiliertudora.ro\/shop\/produs\/pastila-amortizoare-economica\/#breadcrumb","itemListElement":[{"@type":"ListItem","position":1,"name":"Prima pagin\u0103","item":"https:\/\/mobiliertudora.ro\/shop\/"},{"@type":"ListItem","position":2,"name":"Shop","item":"https:\/\/mobiliertudora.ro\/shop\/shop\/"},{"@type":"ListItem","position":3,"name":"Pastila Blum amortizoare economica"}]},{"@type":"WebSite","@id":"https:\/\/mobiliertudora.ro\/shop\/#website","url":"https:\/\/mobiliertudora.ro\/shop\/","name":"Mobilier Tudora","description":"Mobila online | Accesorii mobila | Feronerie mobila","potentialAction":[{"@type":"SearchAction","target":{"@type":"EntryPoint","urlTemplate":"https:\/\/mobiliertudora.ro\/shop\/?s={search_term_string}"},"query-input":{"@type":"PropertyValueSpecification","valueRequired":true,"valueName":"search_term_string"}}],"inLanguage":"ro-RO"}]},"product_price_amount":"5.00","product_price_currency":"RON","og_availability":"instock","product_availability":"instock","product_retailer_item_id":"46235.38.002(R)","product_condition":"new"},"_links":{"self":[{"href":"https:\/\/mobiliertudora.ro\/shop\/wp-json\/wp\/v2\/product\/4702","targetHints":{"allow":["GET"]}}],"collection":[{"href":"https:\/\/mobiliertudora.ro\/shop\/wp-json\/wp\/v2\/product"}],"about":[{"href":"https:\/\/mobiliertudora.ro\/shop\/wp-json\/wp\/v2\/types\/product"}],"replies":[{"embeddable":true,"href":"https:\/\/mobiliertudora.ro\/shop\/wp-json\/wp\/v2\/comments?post=4702"}],"wp:featuredmedia":[{"embeddable":true,"href":"https:\/\/mobiliertudora.ro\/shop\/wp-json\/wp\/v2\/media\/4703"}],"wp:attachment":[{"href":"https:\/\/mobiliertudora.ro\/shop\/wp-json\/wp\/v2\/media?parent=4702"}],"wp:term":[{"taxonomy":"product_brand","embeddable":true,"href":"https:\/\/mobiliertudora.ro\/shop\/wp-json\/wp\/v2\/product_brand?post=4702"},{"taxonomy":"product_cat","embeddable":true,"href":"https:\/\/mobiliertudora.ro\/shop\/wp-json\/wp\/v2\/product_cat?post=4702"},{"taxonomy":"product_tag","embeddable":true,"href":"https:\/\/mobiliertudora.ro\/shop\/wp-json\/wp\/v2\/product_tag?post=4702"}],"curies":[{"name":"wp","href":"https:\/\/api.w.org\/{rel}","templated":true}]}}